{"id":969,"date":"2025-11-04T17:30:30","date_gmt":"2025-11-04T17:30:30","guid":{"rendered":"https:\/\/losrinconcitos.com\/?page_id=969"},"modified":"2026-02-19T05:46:45","modified_gmt":"2026-02-19T05:46:45","slug":"foz","status":"publish","type":"page","link":"https:\/\/losrinconcitos.com\/index.php\/foz\/","title":{"rendered":"Foz"},"content":{"rendered":"\t\t<div data-elementor-type=\"wp-page\" data-elementor-id=\"969\" class=\"elementor elementor-969\">\n\t\t\t\t<div class=\"elementor-element elementor-element-9a5846b e-flex e-con-boxed e-con e-parent\" data-id=\"9a5846b\" data-element_type=\"container\">\n\t\t\t\t\t<div class=\"e-con-inner\">\n\t\t\t\t<div class=\"elementor-element elementor-element-5488251 elementor-widget elementor-widget-heading\" data-id=\"5488251\" data-element_type=\"widget\" data-widget_type=\"heading.default\">\n\t\t\t\t\t<h2 class=\"elementor-heading-title elementor-size-default\">Tu rinconcito en Foz (Mari\u00f1a Lucense)<\/h2>\t\t\t\t<\/div>\n\t\t\t\t\t<\/div>\n\t\t\t\t<\/div>\n\t\t<div class=\"elementor-element elementor-element-e269c2b e-flex e-con-boxed e-con e-parent\" data-id=\"e269c2b\" data-element_type=\"container\">\n\t\t\t\t\t<div class=\"e-con-inner\">\n\t\t<div class=\"elementor-element elementor-element-de3a6d5 e-con-full e-flex e-con e-child\" data-id=\"de3a6d5\" data-element_type=\"container\">\n\t\t\t\t<div class=\"elementor-element elementor-element-2765e61 elementor-widget elementor-widget-image\" data-id=\"2765e61\" data-element_type=\"widget\" data-widget_type=\"image.default\">\n\t\t\t\t\t\t\t\t\t\t\t\t\t\t\t<img fetchpriority=\"high\" decoding=\"async\" width=\"1024\" height=\"1024\" src=\"https:\/\/losrinconcitos.com\/wp-content\/uploads\/2025\/11\/logo-rinconcitos-negro.jpeg\" class=\"attachment-large size-large wp-image-1047\" alt=\"\" srcset=\"https:\/\/losrinconcitos.com\/wp-content\/uploads\/2025\/11\/logo-rinconcitos-negro.jpeg 1024w, https:\/\/losrinconcitos.com\/wp-content\/uploads\/2025\/11\/logo-rinconcitos-negro-300x300.jpeg 300w, https:\/\/losrinconcitos.com\/wp-content\/uploads\/2025\/11\/logo-rinconcitos-negro-150x150.jpeg 150w, https:\/\/losrinconcitos.com\/wp-content\/uploads\/2025\/11\/logo-rinconcitos-negro-768x768.jpeg 768w, https:\/\/losrinconcitos.com\/wp-content\/uploads\/2025\/11\/logo-rinconcitos-negro-1000x1000.jpeg 1000w, https:\/\/losrinconcitos.com\/wp-content\/uploads\/2025\/11\/logo-rinconcitos-negro-230x230.jpeg 230w, https:\/\/losrinconcitos.com\/wp-content\/uploads\/2025\/11\/logo-rinconcitos-negro-350x350.jpeg 350w, https:\/\/losrinconcitos.com\/wp-content\/uploads\/2025\/11\/logo-rinconcitos-negro-480x480.jpeg 480w\" sizes=\"(max-width: 1024px) 100vw, 1024px\" \/>\t\t\t\t\t\t\t\t\t\t\t\t\t\t\t<\/div>\n\t\t\t\t<\/div>\n\t\t<div class=\"elementor-element elementor-element-6262c52 e-con-full e-flex e-con e-child\" data-id=\"6262c52\" data-element_type=\"container\">\n\t\t\t\t<div class=\"elementor-element elementor-element-31b5877 elementor-widget elementor-widget-image\" data-id=\"31b5877\" data-element_type=\"widget\" data-widget_type=\"image.default\">\n\t\t\t\t\t\t\t\t\t\t\t\t\t\t\t<img decoding=\"async\" width=\"512\" height=\"512\" src=\"https:\/\/losrinconcitos.com\/wp-content\/uploads\/2025\/10\/cropped-cropped-Los-rinconcitos.png\" class=\"attachment-large size-large wp-image-22\" alt=\"\" srcset=\"https:\/\/losrinconcitos.com\/wp-content\/uploads\/2025\/10\/cropped-cropped-Los-rinconcitos.png 512w, https:\/\/losrinconcitos.com\/wp-content\/uploads\/2025\/10\/cropped-cropped-Los-rinconcitos-300x300.png 300w, https:\/\/losrinconcitos.com\/wp-content\/uploads\/2025\/10\/cropped-cropped-Los-rinconcitos-150x150.png 150w, https:\/\/losrinconcitos.com\/wp-content\/uploads\/2025\/10\/cropped-cropped-Los-rinconcitos-270x270.png 270w, https:\/\/losrinconcitos.com\/wp-content\/uploads\/2025\/10\/cropped-cropped-Los-rinconcitos-192x192.png 192w, https:\/\/losrinconcitos.com\/wp-content\/uploads\/2025\/10\/cropped-cropped-Los-rinconcitos-180x180.png 180w, https:\/\/losrinconcitos.com\/wp-content\/uploads\/2025\/10\/cropped-cropped-Los-rinconcitos-32x32.png 32w\" sizes=\"(max-width: 512px) 100vw, 512px\" \/>\t\t\t\t\t\t\t\t\t\t\t\t\t\t\t<\/div>\n\t\t\t\t<\/div>\n\t\t<div class=\"elementor-element elementor-element-1da4944 e-con-full e-flex e-con e-child\" data-id=\"1da4944\" data-element_type=\"container\">\n\t\t\t\t<div class=\"elementor-element elementor-element-5941448 elementor-widget elementor-widget-image\" data-id=\"5941448\" data-element_type=\"widget\" data-widget_type=\"image.default\">\n\t\t\t\t\t\t\t\t\t\t\t\t\t\t\t<img decoding=\"async\" width=\"500\" height=\"500\" src=\"https:\/\/losrinconcitos.com\/wp-content\/uploads\/2025\/11\/Diseno-sin-titulo2.jpg\" class=\"attachment-large size-large wp-image-1032\" alt=\"\" srcset=\"https:\/\/losrinconcitos.com\/wp-content\/uploads\/2025\/11\/Diseno-sin-titulo2.jpg 500w, https:\/\/losrinconcitos.com\/wp-content\/uploads\/2025\/11\/Diseno-sin-titulo2-300x300.jpg 300w, https:\/\/losrinconcitos.com\/wp-content\/uploads\/2025\/11\/Diseno-sin-titulo2-150x150.jpg 150w, https:\/\/losrinconcitos.com\/wp-content\/uploads\/2025\/11\/Diseno-sin-titulo2-230x230.jpg 230w, https:\/\/losrinconcitos.com\/wp-content\/uploads\/2025\/11\/Diseno-sin-titulo2-350x350.jpg 350w, https:\/\/losrinconcitos.com\/wp-content\/uploads\/2025\/11\/Diseno-sin-titulo2-480x480.jpg 480w\" sizes=\"(max-width: 500px) 100vw, 500px\" \/>\t\t\t\t\t\t\t\t\t\t\t\t\t\t\t<\/div>\n\t\t\t\t<\/div>\n\t\t<div class=\"elementor-element elementor-element-53374fe e-con-full e-flex e-con e-child\" data-id=\"53374fe\" data-element_type=\"container\">\n\t\t\t\t<div class=\"elementor-element elementor-element-bb55f59 elementor-icon-list--layout-traditional elementor-list-item-link-full_width elementor-widget elementor-widget-icon-list\" data-id=\"bb55f59\" data-element_type=\"widget\" data-widget_type=\"icon-list.default\">\n\t\t\t\t\t\t\t<ul class=\"elementor-icon-list-items\">\n\t\t\t\t\t\t\t<li class=\"elementor-icon-list-item\">\n\t\t\t\t\t\t\t\t\t\t\t<span class=\"elementor-icon-list-icon\">\n\t\t\t\t\t\t\t<svg aria-hidden=\"true\" class=\"e-font-icon-svg e-fas-bed\" viewBox=\"0 0 640 512\" xmlns=\"http:\/\/www.w3.org\/2000\/svg\"><path d=\"M176 256c44.11 0 80-35.89 80-80s-35.89-80-80-80-80 35.89-80 80 35.89 80 80 80zm352-128H304c-8.84 0-16 7.16-16 16v144H64V80c0-8.84-7.16-16-16-16H16C7.16 64 0 71.16 0 80v352c0 8.84 7.16 16 16 16h32c8.84 0 16-7.16 16-16v-48h512v48c0 8.84 7.16 16 16 16h32c8.84 0 16-7.16 16-16V240c0-61.86-50.14-112-112-112z\"><\/path><\/svg>\t\t\t\t\t\t<\/span>\n\t\t\t\t\t\t\t\t\t\t<span class=\"elementor-icon-list-text\">1 cama<\/span>\n\t\t\t\t\t\t\t\t\t<\/li>\n\t\t\t\t\t\t\t\t<li class=\"elementor-icon-list-item\">\n\t\t\t\t\t\t\t\t\t\t\t<span class=\"elementor-icon-list-icon\">\n\t\t\t\t\t\t\t<svg aria-hidden=\"true\" class=\"e-font-icon-svg e-fas-people-arrows\" viewBox=\"0 0 576 512\" xmlns=\"http:\/\/www.w3.org\/2000\/svg\"><path d=\"M96,128A64,64,0,1,0,32,64,64,64,0,0,0,96,128Zm0,176.08a44.11,44.11,0,0,1,13.64-32L181.77,204c1.65-1.55,3.77-2.31,5.61-3.57A63.91,63.91,0,0,0,128,160H64A64,64,0,0,0,0,224v96a32,32,0,0,0,32,32V480a32,32,0,0,0,32,32h64a32,32,0,0,0,32-32V383.61l-50.36-47.53A44.08,44.08,0,0,1,96,304.08ZM480,128a64,64,0,1,0-64-64A64,64,0,0,0,480,128Zm32,32H448a63.91,63.91,0,0,0-59.38,40.42c1.84,1.27,4,2,5.62,3.59l72.12,68.06a44.37,44.37,0,0,1,0,64L416,383.62V480a32,32,0,0,0,32,32h64a32,32,0,0,0,32-32V352a32,32,0,0,0,32-32V224A64,64,0,0,0,512,160ZM444.4,295.34l-72.12-68.06A12,12,0,0,0,352,236v36H224V236a12,12,0,0,0-20.28-8.73L131.6,295.34a12.4,12.4,0,0,0,0,17.47l72.12,68.07A12,12,0,0,0,224,372.14V336H352v36.14a12,12,0,0,0,20.28,8.74l72.12-68.07A12.4,12.4,0,0,0,444.4,295.34Z\"><\/path><\/svg>\t\t\t\t\t\t<\/span>\n\t\t\t\t\t\t\t\t\t\t<span class=\"elementor-icon-list-text\">2 personas<\/span>\n\t\t\t\t\t\t\t\t\t<\/li>\n\t\t\t\t\t\t\t\t<li class=\"elementor-icon-list-item\">\n\t\t\t\t\t\t\t\t\t\t\t<span class=\"elementor-icon-list-icon\">\n\t\t\t\t\t\t\t<svg aria-hidden=\"true\" class=\"e-font-icon-svg e-fas-arrows-alt-h\" viewBox=\"0 0 512 512\" xmlns=\"http:\/\/www.w3.org\/2000\/svg\"><path d=\"M377.941 169.941V216H134.059v-46.059c0-21.382-25.851-32.09-40.971-16.971L7.029 239.029c-9.373 9.373-9.373 24.568 0 33.941l86.059 86.059c15.119 15.119 40.971 4.411 40.971-16.971V296h243.882v46.059c0 21.382 25.851 32.09 40.971 16.971l86.059-86.059c9.373-9.373 9.373-24.568 0-33.941l-86.059-86.059c-15.119-15.12-40.971-4.412-40.971 16.97z\"><\/path><\/svg>\t\t\t\t\t\t<\/span>\n\t\t\t\t\t\t\t\t\t\t<span class=\"elementor-icon-list-text\">40 metros cuadrados<\/span>\n\t\t\t\t\t\t\t\t\t<\/li>\n\t\t\t\t\t\t\t\t<li class=\"elementor-icon-list-item\">\n\t\t\t\t\t\t\t\t\t\t\t<span class=\"elementor-icon-list-icon\">\n\t\t\t\t\t\t\t<svg aria-hidden=\"true\" class=\"e-font-icon-svg e-fas-umbrella-beach\" viewBox=\"0 0 640 512\" xmlns=\"http:\/\/www.w3.org\/2000\/svg\"><path d=\"M115.38 136.9l102.11 37.18c35.19-81.54 86.21-144.29 139-173.7-95.88-4.89-188.78 36.96-248.53 111.8-6.69 8.4-2.66 21.05 7.42 24.72zm132.25 48.16l238.48 86.83c35.76-121.38 18.7-231.66-42.63-253.98-7.4-2.7-15.13-4-23.09-4-58.02.01-128.27 69.17-172.76 171.15zM521.48 60.5c6.22 16.3 10.83 34.6 13.2 55.19 5.74 49.89-1.42 108.23-18.95 166.98l102.62 37.36c10.09 3.67 21.31-3.43 21.57-14.17 2.32-95.69-41.91-187.44-118.44-245.36zM560 447.98H321.06L386 269.5l-60.14-21.9-72.9 200.37H16c-8.84 0-16 7.16-16 16.01v32.01C0 504.83 7.16 512 16 512h544c8.84 0 16-7.17 16-16.01v-32.01c0-8.84-7.16-16-16-16z\"><\/path><\/svg>\t\t\t\t\t\t<\/span>\n\t\t\t\t\t\t\t\t\t\t<span class=\"elementor-icon-list-text\">vistas al mar<\/span>\n\t\t\t\t\t\t\t\t\t<\/li>\n\t\t\t\t\t\t\t\t<li class=\"elementor-icon-list-item\">\n\t\t\t\t\t\t\t\t\t\t\t<span class=\"elementor-icon-list-icon\">\n\t\t\t\t\t\t\t<svg aria-hidden=\"true\" class=\"e-font-icon-svg e-fas-wifi\" viewBox=\"0 0 640 512\" xmlns=\"http:\/\/www.w3.org\/2000\/svg\"><path d=\"M634.91 154.88C457.74-8.99 182.19-8.93 5.09 154.88c-6.66 6.16-6.79 16.59-.35 22.98l34.24 33.97c6.14 6.1 16.02 6.23 22.4.38 145.92-133.68 371.3-133.71 517.25 0 6.38 5.85 16.26 5.71 22.4-.38l34.24-33.97c6.43-6.39 6.3-16.82-.36-22.98zM320 352c-35.35 0-64 28.65-64 64s28.65 64 64 64 64-28.65 64-64-28.65-64-64-64zm202.67-83.59c-115.26-101.93-290.21-101.82-405.34 0-6.9 6.1-7.12 16.69-.57 23.15l34.44 33.99c6 5.92 15.66 6.32 22.05.8 83.95-72.57 209.74-72.41 293.49 0 6.39 5.52 16.05 5.13 22.05-.8l34.44-33.99c6.56-6.46 6.33-17.06-.56-23.15z\"><\/path><\/svg>\t\t\t\t\t\t<\/span>\n\t\t\t\t\t\t\t\t\t\t<span class=\"elementor-icon-list-text\">zona wifi gratuita<\/span>\n\t\t\t\t\t\t\t\t\t<\/li>\n\t\t\t\t\t\t\t\t<li class=\"elementor-icon-list-item\">\n\t\t\t\t\t\t\t\t\t\t\t<span class=\"elementor-icon-list-icon\">\n\t\t\t\t\t\t\t<svg aria-hidden=\"true\" class=\"e-font-icon-svg e-fas-tv\" viewBox=\"0 0 640 512\" xmlns=\"http:\/\/www.w3.org\/2000\/svg\"><path d=\"M592 0H48A48 48 0 0 0 0 48v320a48 48 0 0 0 48 48h240v32H112a16 16 0 0 0-16 16v32a16 16 0 0 0 16 16h416a16 16 0 0 0 16-16v-32a16 16 0 0 0-16-16H352v-32h240a48 48 0 0 0 48-48V48a48 48 0 0 0-48-48zm-16 352H64V64h512z\"><\/path><\/svg>\t\t\t\t\t\t<\/span>\n\t\t\t\t\t\t\t\t\t\t<span class=\"elementor-icon-list-text\">Smart TV<\/span>\n\t\t\t\t\t\t\t\t\t<\/li>\n\t\t\t\t\t\t\t\t<li class=\"elementor-icon-list-item\">\n\t\t\t\t\t\t\t\t\t\t\t<span class=\"elementor-icon-list-icon\">\n\t\t\t\t\t\t\t<svg aria-hidden=\"true\" class=\"e-font-icon-svg e-fas-utensil-spoon\" viewBox=\"0 0 512 512\" xmlns=\"http:\/\/www.w3.org\/2000\/svg\"><path d=\"M480.1 31.9c-55-55.1-164.9-34.5-227.8 28.5-49.3 49.3-55.1 110-28.8 160.4L9 413.2c-11.6 10.5-12.1 28.5-1 39.5L59.3 504c11 11 29.1 10.5 39.5-1.1l192.4-214.4c50.4 26.3 111.1 20.5 160.4-28.8 63-62.9 83.6-172.8 28.5-227.8z\"><\/path><\/svg>\t\t\t\t\t\t<\/span>\n\t\t\t\t\t\t\t\t\t\t<span class=\"elementor-icon-list-text\">Cocina completamente equipada (lavadora, microondas, horno, cafetera italiana, hervidor de agua, batidora, tostadora de pan, menaje)<\/span>\n\t\t\t\t\t\t\t\t\t<\/li>\n\t\t\t\t\t\t\t\t<li class=\"elementor-icon-list-item\">\n\t\t\t\t\t\t\t\t\t\t\t<span class=\"elementor-icon-list-icon\">\n\t\t\t\t\t\t\t<svg aria-hidden=\"true\" class=\"e-font-icon-svg e-fas-bath\" viewBox=\"0 0 512 512\" xmlns=\"http:\/\/www.w3.org\/2000\/svg\"><path d=\"M32,384a95.4,95.4,0,0,0,32,71.09V496a16,16,0,0,0,16,16h32a16,16,0,0,0,16-16V480H384v16a16,16,0,0,0,16,16h32a16,16,0,0,0,16-16V455.09A95.4,95.4,0,0,0,480,384V336H32ZM496,256H80V69.25a21.26,21.26,0,0,1,36.28-15l19.27,19.26c-13.13,29.88-7.61,59.11,8.62,79.73l-.17.17A16,16,0,0,0,144,176l11.31,11.31a16,16,0,0,0,22.63,0L283.31,81.94a16,16,0,0,0,0-22.63L272,48a16,16,0,0,0-22.62,0l-.17.17c-20.62-16.23-49.83-21.75-79.73-8.62L150.22,20.28A69.25,69.25,0,0,0,32,69.25V256H16A16,16,0,0,0,0,272v16a16,16,0,0,0,16,16H496a16,16,0,0,0,16-16V272A16,16,0,0,0,496,256Z\"><\/path><\/svg>\t\t\t\t\t\t<\/span>\n\t\t\t\t\t\t\t\t\t\t<span class=\"elementor-icon-list-text\">Ba\u00f1o completo y equipado con toallas, geles, secador de pelo, etc<\/span>\n\t\t\t\t\t\t\t\t\t<\/li>\n\t\t\t\t\t\t\t\t<li class=\"elementor-icon-list-item\">\n\t\t\t\t\t\t\t\t\t\t<span class=\"elementor-icon-list-text\">Consultar Disponibilidad, Reservas, Precios:  WhatsApp: 679.964.263 <\/span>\n\t\t\t\t\t\t\t\t\t<\/li>\n\t\t\t\t\t\t<\/ul>\n\t\t\t\t\t\t<\/div>\n\t\t\t\t<\/div>\n\t\t<div class=\"elementor-element elementor-element-6c721d8 e-con-full e-flex e-con e-child\" data-id=\"6c721d8\" data-element_type=\"container\">\n\t\t\t\t<div class=\"elementor-element elementor-element-5a6e874 elementor-widget elementor-widget-text-editor\" data-id=\"5a6e874\" data-element_type=\"widget\" data-widget_type=\"text-editor.default\">\n\t\t\t\t\t\t\t\t\t<p>Un refugio peque\u00f1o y especial frente al mar<\/p><p>En plena Mari\u00f1a Lucense, el Rinconcito de <strong>Foz<\/strong> te espera, un peque\u00f1o espacio lleno de calma, pensado para escapadas donde el mar es el protagonista. Aqu\u00ed cada amanecer tiene sonido de olas y cada tarde huele a brisa salada. Es un rinconcito perfecto para relajarte, pasear descalzo por la playa y dejar que el tiempo pase m\u00e1s despacio.<\/p><p>Su playa da Rapadoira, situada en el centro, es perfecta para familias, mientras que la playa de Llas, frente al alojamiento, ofrece un ambiente m\u00e1s amplio y tranquilo. El paseo mar\u00edtimo permite recorrer la costa con bonitas vistas al Atl\u00e1ntico y al puerto, un lugar perfecto para pasear y disfrutar del ambiente marinero.<\/p><p>Entre sus imprescindibles destaca la Bas\u00edlica de San Marti\u00f1o de Mondo\u00f1edo, considerada la catedral m\u00e1s antigua de Espa\u00f1a, ubicada en un entorno rural muy agradable.<\/p><p>La desembocadura del r\u00edo Masma es otro punto clave, ideal para observar aves y caminar en plena naturaleza.<\/p><p>Foz tambi\u00e9n es un excelente punto de partida para visitar lugares cercanos como la Playa de las Catedrales o Ribadeo. Y, por supuesto, no puede faltar su gastronom\u00eda basada en pescado y marisco fresco, perfecta para saborear Galicia al completo.<\/p>\t\t\t\t\t\t\t\t<\/div>\n\t\t\t\t<\/div>\n\t\t\t\t\t<\/div>\n\t\t\t\t<\/div>\n\t\t<div class=\"elementor-element elementor-element-898cefb e-flex e-con-boxed e-con e-parent\" data-id=\"898cefb\" data-element_type=\"container\">\n\t\t\t\t\t<div class=\"e-con-inner\">\n\t\t\t\t<div class=\"elementor-element elementor-element-90fd0cb elementor-widget-divider--view-line elementor-widget elementor-widget-divider\" data-id=\"90fd0cb\" data-element_type=\"widget\" data-widget_type=\"divider.default\">\n\t\t\t\t\t\t\t<div class=\"elementor-divider\">\n\t\t\t<span class=\"elementor-divider-separator\">\n\t\t\t\t\t\t<\/span>\n\t\t<\/div>\n\t\t\t\t\t\t<\/div>\n\t\t\t\t<div class=\"elementor-element elementor-element-e469c6b elementor-widget elementor-widget-text-editor\" data-id=\"e469c6b\" data-element_type=\"widget\" data-widget_type=\"text-editor.default\">\n\t\t\t\t\t\t\t\t\t<p>Su dise\u00f1o acogedor invita a descansar, a saborear un caf\u00e9 frente a la luz natural y a sentir que, por unos d\u00edas, la vida puede ser tan simple como respirar y mirar al horizonte.<br \/>Peque\u00f1o, \u00edntimo y lleno de encanto: un lugar ideal para desconectar y regalarte paz.<\/p><p>Dispone de s<strong>al\u00f3n luminoso<\/strong>, cocina totalmente equipada Para que disfrutes al m\u00e1ximo, el apartamento ofrece un kit de bienvenida gastron\u00f3mico con aceites de calidad, una variedad de especias, caf\u00e9, t\u00e9s. Todo pensado para que puedas sentirte atendido y disfrutar de tu estancia sin preocuparte por lo b\u00e1sico.<\/p><p>\u00a0Un espacio c\u00f3modo, pr\u00e1ctico y pensado para estancias de varios d\u00edas, <strong>dormitorio<\/strong>y\u00a0<strong>ba\u00f1o completo<\/strong>. Incluye\u00a0<strong>wifi<\/strong>,\u00a0<strong>calefacci\u00f3n<\/strong>,\u00a0<strong>ropa de cama y toallas<\/strong>, adem\u00e1s de todos los elementos necesarios para una estancia c\u00f3moda, pr\u00e1ctica y relajada.<\/p><p>El edificio cuenta con\u00a0<strong>ascensor<\/strong>\u00a0y <strong>plaza de aparcamiento exterior.<\/strong> Su ubicaci\u00f3n permite disfrutar f\u00e1cilmente de las\u00a0<strong>playas de A Mari\u00f1a Lucense<\/strong>, rutas costeras, gastronom\u00eda local y lugares emblem\u00e1ticos, ideal para parejas, viajeros solitarios que buscan descanso junto al mar.<\/p>\t\t\t\t\t\t\t\t<\/div>\n\t\t\t\t<div class=\"elementor-element elementor-element-d835fa9 elementor-widget elementor-widget-google_maps\" data-id=\"d835fa9\" data-element_type=\"widget\" data-widget_type=\"google_maps.default\">\n\t\t\t\t\t\t\t<div class=\"elementor-custom-embed\">\n\t\t\t<iframe loading=\"lazy\"\n\t\t\t\t\tsrc=\"https:\/\/maps.google.com\/maps?q=Ubicaci%C3%B3n%20Av.%20Viveiro%2C%20101%2C%2027787%20Foz%2C%20Lugo&#038;t=m&#038;z=10&#038;output=embed&#038;iwloc=near\"\n\t\t\t\t\ttitle=\"Ubicaci\u00f3n Av. Viveiro, 101, 27787 Foz, Lugo\"\n\t\t\t\t\taria-label=\"Ubicaci\u00f3n Av. Viveiro, 101, 27787 Foz, Lugo\"\n\t\t\t><\/iframe>\n\t\t<\/div>\n\t\t\t\t\t\t<\/div>\n\t\t\t\t\t<\/div>\n\t\t\t\t<\/div>\n\t\t\t\t<\/div>\n\t\t","protected":false},"excerpt":{"rendered":"<p>Tu rinconcito en Foz (Mari\u00f1a Lucense) 1 cama 2 personas 40 metros cuadrados vistas al mar zona wifi gratuita Smart TV Cocina [&hellip;]<\/p>\n","protected":false},"author":1,"featured_media":0,"parent":0,"menu_order":0,"comment_status":"closed","ping_status":"closed","template":"page-templates\/page_front-page.php","meta":{"footnotes":""},"class_list":["post-969","page","type-page","status-publish","hentry"],"_links":{"self":[{"href":"https:\/\/losrinconcitos.com\/index.php\/wp-json\/wp\/v2\/pages\/969","targetHints":{"allow":["GET"]}}],"collection":[{"href":"https:\/\/losrinconcitos.com\/index.php\/wp-json\/wp\/v2\/pages"}],"about":[{"href":"https:\/\/losrinconcitos.com\/index.php\/wp-json\/wp\/v2\/types\/page"}],"author":[{"embeddable":true,"href":"https:\/\/losrinconcitos.com\/index.php\/wp-json\/wp\/v2\/users\/1"}],"replies":[{"embeddable":true,"href":"https:\/\/losrinconcitos.com\/index.php\/wp-json\/wp\/v2\/comments?post=969"}],"version-history":[{"count":43,"href":"https:\/\/losrinconcitos.com\/index.php\/wp-json\/wp\/v2\/pages\/969\/revisions"}],"predecessor-version":[{"id":1481,"href":"https:\/\/losrinconcitos.com\/index.php\/wp-json\/wp\/v2\/pages\/969\/revisions\/1481"}],"wp:attachment":[{"href":"https:\/\/losrinconcitos.com\/index.php\/wp-json\/wp\/v2\/media?parent=969"}],"curies":[{"name":"wp","href":"https:\/\/api.w.org\/{rel}","templated":true}]}}