{"id":3,"date":"2025-10-23T15:25:30","date_gmt":"2025-10-23T15:25:30","guid":{"rendered":"http:\/\/losrinconcitos.com\/?page_id=3"},"modified":"2025-11-16T17:45:28","modified_gmt":"2025-11-16T17:45:28","slug":"politica-de-privacidad","status":"publish","type":"page","link":"https:\/\/losrinconcitos.com\/index.php\/politica-de-privacidad\/","title":{"rendered":"Pol\u00edtica de privacidad"},"content":{"rendered":"\t\t<div data-elementor-type=\"wp-page\" data-elementor-id=\"3\" class=\"elementor elementor-3\">\n\t\t\t\t<div class=\"elementor-element elementor-element-5ea11ee7 e-flex e-con-boxed e-con e-parent\" data-id=\"5ea11ee7\" data-element_type=\"container\">\n\t\t\t\t\t<div class=\"e-con-inner\">\n\t\t\t\t<div class=\"elementor-element elementor-element-446bc8b8 elementor-widget elementor-widget-text-editor\" data-id=\"446bc8b8\" data-element_type=\"widget\" data-widget_type=\"text-editor.default\">\n\t\t\t\t\t\t\t\t\t\n<h2 class=\"wp-block-heading\">Pol\u00edtica de privacidad<\/h2>\n<div class=\"bg-white rounded-xl shadow-md p-8 space-y-8\">\n<div>\n<p class=\"text-gray-700 leading-relaxed\">De acuerdo con lo establecido en el Reglamento (UE) 2016\/679 del Parlamento Europeo y del Consejo, de 27 de abril de 2016, relativo a la protecci\u00f3n de las personas f\u00edsicas en lo que respecta al tratamiento de datos personales y a la libre circulaci\u00f3n de estos datos (RGPD) y la LO 3\/2018, de 5 de diciembre, de Protecci\u00f3n de Datos Personales y garant\u00eda de los derechos digitales (LOPDGDD), les informamos sobre el tratamiento de los datos personales que nos facilitan a trav\u00e9s de esta Web.<\/p>\n<\/div>\n<div>\n<h4 class=\"text-2xl font-bold text-gray-900 mb-4\">\u00bfQui\u00e9n es el responsable del tratamiento de sus datos personales?<\/h4>\n<p class=\"text-gray-700 mb-2\"><span class=\"font-semibold\">Raz\u00f3n Social:<\/span> Cristina Escribano Hern\u00e1ndez<\/p>\n<p class=\"text-gray-700 mb-2\"><span class=\"font-semibold\">NIF: 50166699-L<\/span><\/p>\n<p class=\"text-gray-700 mb-2\"><span class=\"font-semibold\">Direcci\u00f3n Postal:<\/span> Avenida de los Almendros, 222.\u00a0 Madrid 28523<\/p>\n<p class=\"text-gray-700 mb-2\"><span class=\"font-semibold\">Tel\u00e9fono:<\/span> 679964263<\/p>\n<p class=\"text-gray-700 mb-2\"><span class=\"font-semibold\">Email de contacto:<\/span> info@losrinconcitos.com<\/p>\n<\/div>\n<div>\n<h4 class=\"text-2xl font-bold text-gray-900 mb-4\">\u00bfCon qu\u00e9 finalidad trataremos sus datos personales?<\/h4>\n<div class=\"space-y-4\">\n<div>\n<h5 class=\"text-lg font-semibold text-gray-800 mb-2\">Como Usuario de la Web:<\/h5>\n<p class=\"text-gray-700\">Sus datos ser\u00e1n utilizados para dar respuestas a tus solicitudes de informaci\u00f3n, comentarios o sugerencias, a trav\u00e9s del apartado de contacto o de las direcciones de correo que aparezcan en nuestra p\u00e1gina y mantener la comunicaci\u00f3n con el interesado.<\/p>\n<\/div>\n<div>\n<h5 class=\"text-lg font-semibold text-gray-800 mb-2\">Como seguidor en RRSS:<\/h5>\n<p class=\"text-gray-700\">Los datos que hayas facilitado a la red social ser\u00e1n usados para mantener un seguimiento mutuo de nuestras cuentas y poder contactar contigo siempre a trav\u00e9s de la red social elegida. Gestionaremos las comunicaciones mediante las mismas de acuerdo con los t\u00e9rminos y condiciones de cada red social. La informaci\u00f3n siempre la recibir\u00e1 a trav\u00e9s de la red social en cuesti\u00f3n y mientras sea seguidor del responsable en la misma. Cada una de esas redes sociales cuenta con unos t\u00e9rminos y condiciones propios y son entidades ajenas a nosotros.<\/p>\n<\/div>\n<div>\n<h5 class=\"text-lg font-semibold text-gray-800 mb-2\">Como usuario registrado:<\/h5>\n<p class=\"text-gray-700\">Los datos facilitados mediante el formulario de registro ser\u00e1n tratados con la finalidad de crear una cuenta para su registro como usuario identificado, lo cual le permitir\u00e1 recordar su informaci\u00f3n a la hora de acceder a la informaci\u00f3n de su \u00e1rea profesional.<\/p>\n<\/div>\n<div>\n<h5 class=\"text-lg font-semibold text-gray-800 mb-2\">Como cliente:<\/h5>\n<p class=\"text-gray-700\">Tus datos ser\u00e1n utilizados para la prestaci\u00f3n del servicio, la pol\u00edtica de comunicaciones y gesti\u00f3n econ\u00f3mica derivada.<\/p>\n<\/div>\n<\/div>\n<\/div>\n<div>\n<h4 class=\"text-2xl font-bold text-gray-900 mb-4\">\u00bfCu\u00e1l es la legitimaci\u00f3n para el tratamiento de sus datos personales?<\/h4>\n<div class=\"space-y-4\">\n<div>\n<h5 class=\"text-lg font-semibold text-gray-800 mb-2\">Como Usuario de la Web:<\/h5>\n<p class=\"text-gray-700\">Consentimiento\/solicitud de medidas precontractuales (solicitud de presupuesto o de informaci\u00f3n concreta sobre nuestros servicios) conforme a los Art. 6.1.a) y Art.6.1. b) del RGPD respectivamente.<\/p>\n<\/div>\n<div>\n<h5 class=\"text-lg font-semibold text-gray-800 mb-2\">Como seguidor en RRSS:<\/h5>\n<p class=\"text-gray-700\">Consentimiento del interesado Art. 6.1.a) del RGPD.<\/p>\n<\/div>\n<div>\n<h5 class=\"text-lg font-semibold text-gray-800 mb-2\">Como usuario registrado:<\/h5>\n<p class=\"text-gray-700\">El tratamiento es necesario para la aplicaci\u00f3n a petici\u00f3n del interesado este de medidas precontractuales conforme al art. 6.1 b) del RGPD.<\/p>\n<\/div>\n<div>\n<h5 class=\"text-lg font-semibold text-gray-800 mb-2\">Como cliente:<\/h5>\n<p class=\"text-gray-700\">Relaci\u00f3n contractual Art.6.1. b) y cumplimiento de obligaciones legales en el \u00e1mbito econ\u00f3mico y fiscal Art. 6.1.c) del RGPD.<\/p>\n<\/div>\n<\/div>\n<\/div>\n<div>\n<h4 class=\"text-2xl font-bold text-gray-900 mb-4\">\u00bfPor cu\u00e1nto tiempo conservaremos sus datos personales?<\/h4>\n<div class=\"space-y-4\">\n<div>\n<h5 class=\"text-lg font-semibold text-gray-800 mb-2\">Como Usuario de la Web:<\/h5>\n<p class=\"text-gray-700\">Conservados hasta cumplir su finalidad o hasta que nos revoque el consentimiento prestado.<\/p>\n<\/div>\n<div>\n<h5 class=\"text-lg font-semibold text-gray-800 mb-2\">Como seguidor en RRSS:<\/h5>\n<p class=\"text-gray-700\">Ser\u00e1n conservados hasta que nos revoque el consentimiento prestado o dejes de seguirnos o marques ya no me gusta.<\/p>\n<\/div>\n<div>\n<h5 class=\"text-lg font-semibold text-gray-800 mb-2\">Como usuario registrado:<\/h5>\n<p class=\"text-gray-700\">Hasta que nos comunique su intenci\u00f3n de eliminar su registro como cliente.<\/p>\n<\/div>\n<div>\n<h5 class=\"text-lg font-semibold text-gray-800 mb-2\">Como cliente:<\/h5>\n<p class=\"text-gray-700\">Conservados por obligaci\u00f3n legal al menos durante 5 a\u00f1os para atender posibles responsabilidades nacidas de la relaci\u00f3n contractual mantenida.<\/p>\n<\/div>\n<\/div>\n<\/div>\n<div>\n<h4 class=\"text-2xl font-bold text-gray-900 mb-4\">\u00bfCederemos sus datos personales?<\/h4>\n<div class=\"space-y-4\">\n<div>\n<h5 class=\"text-lg font-semibold text-gray-800 mb-2\">Como Usuario de la Web:<\/h5>\n<p class=\"text-gray-700\">Sus datos personales no ser\u00e1n cedidos salvo por obligaci\u00f3n legal.<\/p>\n<\/div>\n<div>\n<h5 class=\"text-lg font-semibold text-gray-800 mb-2\">Como seguidor en RRSS:<\/h5>\n<p class=\"text-gray-700\">Sus datos personales no ser\u00e1n cedidos salvo por obligaci\u00f3n legal.<\/p>\n<\/div>\n<div>\n<h5 class=\"text-lg font-semibold text-gray-800 mb-2\">Como usuario registrado:<\/h5>\n<p class=\"text-gray-700\">Sus datos personales no ser\u00e1n cedidos salvo por obligaci\u00f3n legal.<\/p>\n<\/div>\n<div>\n<h5 class=\"text-lg font-semibold text-gray-800 mb-2\">Como cliente:<\/h5>\n<p class=\"text-gray-700\">Sus datos personales ser\u00e1n cedidos a entidades bancarias para el cobro de los servicios facturados o las compras realizadas, as\u00ed como a las Administraciones Tributarias para atender las obligaciones legales en esta materia.<\/p>\n<\/div>\n<\/div>\n<\/div>\n<div>\n<h4 class=\"text-2xl font-bold text-gray-900 mb-4\">\u00bfQu\u00e9 derechos tiene cuando nos facilita sus datos personales?<\/h4>\n<p class=\"text-gray-700 mb-4\">Como interesado le asisten los derechos que indicamos a continuaci\u00f3n, pero tenga en cuenta que en el caso de las redes sociales nosotros accedemos a los datos personales que aparecen en su perfil como consecuencia del seguimiento mutuo realizado a nuestras cuentas de Facebook Pinterest o Instagram exclusivamente, por lo tanto, el ejercicio de los derechos sobre sus datos personales entendemos que debe realizarlos a la propia red social, a pesar de lo cual le informamos de cuales son:<\/p>\n<div class=\"space-y-4\">\n<div>\n<p class=\"text-gray-700\"><span class=\"font-semibold\">Derecho de Acceso:<\/span> Usted tiene derecho a saber si se est\u00e1n tratando sus datos y a recibir esa informaci\u00f3n por escrito a trav\u00e9s del medio solicitado.<\/p>\n<\/div>\n<div>\n<p class=\"text-gray-700\"><span class=\"font-semibold\">Derecho de Rectificaci\u00f3n:<\/span> Usted tiene derecho a solicitar la rectificaci\u00f3n de sus datos si estos fuesen inexactos o incompletos.<\/p>\n<\/div>\n<div>\n<p class=\"text-gray-700\">Usted tiene derecho a solicitar la <span class=\"font-semibold\">supresi\u00f3n<\/span> de sus datos, sin embargo, deber\u00e1 tener en cuenta que el derecho de supresi\u00f3n queda limitado cuando exista obligaci\u00f3n legal de retenci\u00f3n o bloqueo de sus datos.<\/p>\n<\/div>\n<div>\n<p class=\"text-gray-700\">En determinadas circunstancias, los interesados podr\u00e1n solicitar la <span class=\"font-semibold\">limitaci\u00f3n<\/span> del tratamiento de sus datos, en cuyo caso \u00fanicamente los conservaremos para el ejercicio o la defensa de reclamaciones, la protecci\u00f3n de terceros o por razones de inter\u00e9s p\u00fablico importante.<\/p>\n<\/div>\n<div>\n<p class=\"text-gray-700\">En determinadas circunstancias y por motivos relacionados con su situaci\u00f3n particular, usted podr\u00e1 <span class=\"font-semibold\">oponerse<\/span> al tratamiento de sus datos. El responsable dejar\u00e1 de tratar los datos, salvo por motivos leg\u00edtimos imperiosos, o el ejercicio o la defensa de posibles reclamaciones.<\/p>\n<\/div>\n<div>\n<p class=\"text-gray-700\">Cuando el tratamiento de sus datos est\u00e9 basado en el consentimiento o sea necesario para la ejecuci\u00f3n de un contrato o precontrato y se efect\u00fae por medios automatizados, usted tendr\u00e1 derecho a la <span class=\"font-semibold\">portabilidad<\/span> de sus datos, es decir, a que se le entreguen en formato estructurado, de uso com\u00fan y lectura mec\u00e1nica, incluso a remit\u00edrselos a un nuevo responsable.<\/p>\n<\/div>\n<div>\n<p class=\"text-gray-700\">Cualquier interesado podr\u00e1 <span class=\"font-semibold\">presentar una reclamaci\u00f3n<\/span> ante la Autoridad de Control competente en materia de Protecci\u00f3n de Datos, especialmente cuando no haya obtenido satisfacci\u00f3n en el ejercicio de sus derechos y la forma de ponerse en contacto con ella ser\u00eda dirigir un escrito a Agencia Espa\u00f1ola de Protecci\u00f3n de Datos Personales en C\/Jorge Juan n\u00ba 6, 28001 Madrid o a trav\u00e9s de su sede electr\u00f3nica en <a class=\"text-blue-600 hover:underline\" href=\"https:\/\/www.aepd.es\" target=\"_blank\" rel=\"noopener noreferrer\">www.aepd.es<\/a>.<\/p>\n<\/div>\n<div>\n<p class=\"text-gray-700\">Los modelos para la solicitud del ejercicio de sus derechos se encuentran en el apartado de Pol\u00edticas de Privacidad \/ derechos de nuestro sitio web, tambi\u00e9n podr\u00e1 solicit\u00e1rnoslos por escrito a la direcci\u00f3n del responsable e incluso podr\u00e1 obtenerlos en la sede electr\u00f3nica de la Autoridad de control en <a class=\"text-blue-600 hover:underline\" href=\"https:\/\/www.aepd.es\" target=\"_blank\" rel=\"noopener noreferrer\">www.aepd.es<\/a> y deber\u00e1n ser remitidos a la direcci\u00f3n postal o electr\u00f3nica del responsable.<\/p>\n<\/div>\n<\/div>\n<\/div>\n<\/div>\n<p>\u00a0<\/p>\t\t\t\t\t\t\t\t<\/div>\n\t\t\t\t\t<\/div>\n\t\t\t\t<\/div>\n\t\t\t\t<\/div>\n\t\t","protected":false},"excerpt":{"rendered":"<p>Pol\u00edtica de privacidad De acuerdo con lo establecido en el Reglamento (UE) 2016\/679 del Parlamento Europeo y del Consejo, de 27 de [&hellip;]<\/p>\n","protected":false},"author":1,"featured_media":0,"parent":0,"menu_order":0,"comment_status":"closed","ping_status":"closed","template":"page-templates\/page_front-page.php","meta":{"footnotes":""},"class_list":["post-3","page","type-page","status-publish","hentry"],"_links":{"self":[{"href":"https:\/\/losrinconcitos.com\/index.php\/wp-json\/wp\/v2\/pages\/3","targetHints":{"allow":["GET"]}}],"collection":[{"href":"https:\/\/losrinconcitos.com\/index.php\/wp-json\/wp\/v2\/pages"}],"about":[{"href":"https:\/\/losrinconcitos.com\/index.php\/wp-json\/wp\/v2\/types\/page"}],"author":[{"embeddable":true,"href":"https:\/\/losrinconcitos.com\/index.php\/wp-json\/wp\/v2\/users\/1"}],"replies":[{"embeddable":true,"href":"https:\/\/losrinconcitos.com\/index.php\/wp-json\/wp\/v2\/comments?post=3"}],"version-history":[{"count":7,"href":"https:\/\/losrinconcitos.com\/index.php\/wp-json\/wp\/v2\/pages\/3\/revisions"}],"predecessor-version":[{"id":1077,"href":"https:\/\/losrinconcitos.com\/index.php\/wp-json\/wp\/v2\/pages\/3\/revisions\/1077"}],"wp:attachment":[{"href":"https:\/\/losrinconcitos.com\/index.php\/wp-json\/wp\/v2\/media?parent=3"}],"curies":[{"name":"wp","href":"https:\/\/api.w.org\/{rel}","templated":true}]}}