{"id":1142,"date":"2025-11-18T17:33:40","date_gmt":"2025-11-18T17:33:40","guid":{"rendered":"https:\/\/losrinconcitos.com\/?page_id=1142"},"modified":"2026-02-19T06:06:13","modified_gmt":"2026-02-19T06:06:13","slug":"huertas","status":"publish","type":"page","link":"https:\/\/losrinconcitos.com\/index.php\/huertas\/","title":{"rendered":"Huertas"},"content":{"rendered":"\t\t<div data-elementor-type=\"wp-page\" data-elementor-id=\"1142\" class=\"elementor elementor-1142\">\n\t\t\t\t<div class=\"elementor-element elementor-element-9a5846b e-flex e-con-boxed e-con e-parent\" data-id=\"9a5846b\" data-element_type=\"container\">\n\t\t\t\t\t<div class=\"e-con-inner\">\n\t\t\t\t<div class=\"elementor-element elementor-element-5488251 elementor-widget elementor-widget-heading\" data-id=\"5488251\" data-element_type=\"widget\" data-widget_type=\"heading.default\">\n\t\t\t\t\t<h2 class=\"elementor-heading-title elementor-size-default\">Tu rinconcito en Huertas (Barrio de las letras, Madrid)<\/h2>\t\t\t\t<\/div>\n\t\t\t\t\t<\/div>\n\t\t\t\t<\/div>\n\t\t<div class=\"elementor-element elementor-element-e269c2b e-flex e-con-boxed e-con e-parent\" data-id=\"e269c2b\" data-element_type=\"container\">\n\t\t\t\t\t<div class=\"e-con-inner\">\n\t\t<div class=\"elementor-element elementor-element-de3a6d5 e-con-full e-flex e-con e-child\" data-id=\"de3a6d5\" data-element_type=\"container\">\n\t\t\t\t<div class=\"elementor-element elementor-element-2765e61 elementor-widget elementor-widget-image\" data-id=\"2765e61\" data-element_type=\"widget\" data-widget_type=\"image.default\">\n\t\t\t\t\t\t\t\t\t\t\t\t\t\t\t<img fetchpriority=\"high\" decoding=\"async\" width=\"1024\" height=\"1024\" src=\"https:\/\/losrinconcitos.com\/wp-content\/uploads\/2025\/11\/logo-rinconcitos-negro.jpeg\" class=\"attachment-large size-large wp-image-1047\" alt=\"\" srcset=\"https:\/\/losrinconcitos.com\/wp-content\/uploads\/2025\/11\/logo-rinconcitos-negro.jpeg 1024w, https:\/\/losrinconcitos.com\/wp-content\/uploads\/2025\/11\/logo-rinconcitos-negro-300x300.jpeg 300w, https:\/\/losrinconcitos.com\/wp-content\/uploads\/2025\/11\/logo-rinconcitos-negro-150x150.jpeg 150w, https:\/\/losrinconcitos.com\/wp-content\/uploads\/2025\/11\/logo-rinconcitos-negro-768x768.jpeg 768w, https:\/\/losrinconcitos.com\/wp-content\/uploads\/2025\/11\/logo-rinconcitos-negro-1000x1000.jpeg 1000w, https:\/\/losrinconcitos.com\/wp-content\/uploads\/2025\/11\/logo-rinconcitos-negro-230x230.jpeg 230w, https:\/\/losrinconcitos.com\/wp-content\/uploads\/2025\/11\/logo-rinconcitos-negro-350x350.jpeg 350w, https:\/\/losrinconcitos.com\/wp-content\/uploads\/2025\/11\/logo-rinconcitos-negro-480x480.jpeg 480w\" sizes=\"(max-width: 1024px) 100vw, 1024px\" \/>\t\t\t\t\t\t\t\t\t\t\t\t\t\t\t<\/div>\n\t\t\t\t<\/div>\n\t\t<div class=\"elementor-element elementor-element-6262c52 e-con-full e-flex e-con e-child\" data-id=\"6262c52\" data-element_type=\"container\">\n\t\t\t\t<div class=\"elementor-element elementor-element-31b5877 elementor-widget elementor-widget-image\" data-id=\"31b5877\" data-element_type=\"widget\" data-widget_type=\"image.default\">\n\t\t\t\t\t\t\t\t\t\t\t\t\t\t\t<img decoding=\"async\" width=\"512\" height=\"512\" src=\"https:\/\/losrinconcitos.com\/wp-content\/uploads\/2025\/10\/cropped-cropped-Los-rinconcitos.png\" class=\"attachment-large size-large wp-image-22\" alt=\"\" srcset=\"https:\/\/losrinconcitos.com\/wp-content\/uploads\/2025\/10\/cropped-cropped-Los-rinconcitos.png 512w, https:\/\/losrinconcitos.com\/wp-content\/uploads\/2025\/10\/cropped-cropped-Los-rinconcitos-300x300.png 300w, https:\/\/losrinconcitos.com\/wp-content\/uploads\/2025\/10\/cropped-cropped-Los-rinconcitos-150x150.png 150w, https:\/\/losrinconcitos.com\/wp-content\/uploads\/2025\/10\/cropped-cropped-Los-rinconcitos-270x270.png 270w, https:\/\/losrinconcitos.com\/wp-content\/uploads\/2025\/10\/cropped-cropped-Los-rinconcitos-192x192.png 192w, https:\/\/losrinconcitos.com\/wp-content\/uploads\/2025\/10\/cropped-cropped-Los-rinconcitos-180x180.png 180w, https:\/\/losrinconcitos.com\/wp-content\/uploads\/2025\/10\/cropped-cropped-Los-rinconcitos-32x32.png 32w\" sizes=\"(max-width: 512px) 100vw, 512px\" \/>\t\t\t\t\t\t\t\t\t\t\t\t\t\t\t<\/div>\n\t\t\t\t<\/div>\n\t\t<div class=\"elementor-element elementor-element-1da4944 e-con-full e-flex e-con e-child\" data-id=\"1da4944\" data-element_type=\"container\">\n\t\t\t\t<div class=\"elementor-element elementor-element-5941448 elementor-widget elementor-widget-image\" data-id=\"5941448\" data-element_type=\"widget\" data-widget_type=\"image.default\">\n\t\t\t\t\t\t\t\t\t\t\t\t\t\t\t<img decoding=\"async\" width=\"500\" height=\"500\" src=\"https:\/\/losrinconcitos.com\/wp-content\/uploads\/2025\/11\/Diseno-sin-titulo2.jpg\" class=\"attachment-large size-large wp-image-1032\" alt=\"\" srcset=\"https:\/\/losrinconcitos.com\/wp-content\/uploads\/2025\/11\/Diseno-sin-titulo2.jpg 500w, https:\/\/losrinconcitos.com\/wp-content\/uploads\/2025\/11\/Diseno-sin-titulo2-300x300.jpg 300w, https:\/\/losrinconcitos.com\/wp-content\/uploads\/2025\/11\/Diseno-sin-titulo2-150x150.jpg 150w, https:\/\/losrinconcitos.com\/wp-content\/uploads\/2025\/11\/Diseno-sin-titulo2-230x230.jpg 230w, https:\/\/losrinconcitos.com\/wp-content\/uploads\/2025\/11\/Diseno-sin-titulo2-350x350.jpg 350w, https:\/\/losrinconcitos.com\/wp-content\/uploads\/2025\/11\/Diseno-sin-titulo2-480x480.jpg 480w\" sizes=\"(max-width: 500px) 100vw, 500px\" \/>\t\t\t\t\t\t\t\t\t\t\t\t\t\t\t<\/div>\n\t\t\t\t<\/div>\n\t\t<div class=\"elementor-element elementor-element-53374fe e-con-full e-flex e-con e-child\" data-id=\"53374fe\" data-element_type=\"container\">\n\t\t\t\t<div class=\"elementor-element elementor-element-bb55f59 elementor-icon-list--layout-traditional elementor-list-item-link-full_width elementor-widget elementor-widget-icon-list\" data-id=\"bb55f59\" data-element_type=\"widget\" data-widget_type=\"icon-list.default\">\n\t\t\t\t\t\t\t<ul class=\"elementor-icon-list-items\">\n\t\t\t\t\t\t\t<li class=\"elementor-icon-list-item\">\n\t\t\t\t\t\t\t\t\t\t\t<span class=\"elementor-icon-list-icon\">\n\t\t\t\t\t\t\t<svg aria-hidden=\"true\" class=\"e-font-icon-svg e-fas-bed\" viewBox=\"0 0 640 512\" xmlns=\"http:\/\/www.w3.org\/2000\/svg\"><path d=\"M176 256c44.11 0 80-35.89 80-80s-35.89-80-80-80-80 35.89-80 80 35.89 80 80 80zm352-128H304c-8.84 0-16 7.16-16 16v144H64V80c0-8.84-7.16-16-16-16H16C7.16 64 0 71.16 0 80v352c0 8.84 7.16 16 16 16h32c8.84 0 16-7.16 16-16v-48h512v48c0 8.84 7.16 16 16 16h32c8.84 0 16-7.16 16-16V240c0-61.86-50.14-112-112-112z\"><\/path><\/svg>\t\t\t\t\t\t<\/span>\n\t\t\t\t\t\t\t\t\t\t<span class=\"elementor-icon-list-text\">1 cama 1,40*2,00<\/span>\n\t\t\t\t\t\t\t\t\t<\/li>\n\t\t\t\t\t\t\t\t<li class=\"elementor-icon-list-item\">\n\t\t\t\t\t\t\t\t\t\t\t<span class=\"elementor-icon-list-icon\">\n\t\t\t\t\t\t\t<svg aria-hidden=\"true\" class=\"e-font-icon-svg e-fas-people-arrows\" viewBox=\"0 0 576 512\" xmlns=\"http:\/\/www.w3.org\/2000\/svg\"><path d=\"M96,128A64,64,0,1,0,32,64,64,64,0,0,0,96,128Zm0,176.08a44.11,44.11,0,0,1,13.64-32L181.77,204c1.65-1.55,3.77-2.31,5.61-3.57A63.91,63.91,0,0,0,128,160H64A64,64,0,0,0,0,224v96a32,32,0,0,0,32,32V480a32,32,0,0,0,32,32h64a32,32,0,0,0,32-32V383.61l-50.36-47.53A44.08,44.08,0,0,1,96,304.08ZM480,128a64,64,0,1,0-64-64A64,64,0,0,0,480,128Zm32,32H448a63.91,63.91,0,0,0-59.38,40.42c1.84,1.27,4,2,5.62,3.59l72.12,68.06a44.37,44.37,0,0,1,0,64L416,383.62V480a32,32,0,0,0,32,32h64a32,32,0,0,0,32-32V352a32,32,0,0,0,32-32V224A64,64,0,0,0,512,160ZM444.4,295.34l-72.12-68.06A12,12,0,0,0,352,236v36H224V236a12,12,0,0,0-20.28-8.73L131.6,295.34a12.4,12.4,0,0,0,0,17.47l72.12,68.07A12,12,0,0,0,224,372.14V336H352v36.14a12,12,0,0,0,20.28,8.74l72.12-68.07A12.4,12.4,0,0,0,444.4,295.34Z\"><\/path><\/svg>\t\t\t\t\t\t<\/span>\n\t\t\t\t\t\t\t\t\t\t<span class=\"elementor-icon-list-text\">2 personas<\/span>\n\t\t\t\t\t\t\t\t\t<\/li>\n\t\t\t\t\t\t\t\t<li class=\"elementor-icon-list-item\">\n\t\t\t\t\t\t\t\t\t\t\t<span class=\"elementor-icon-list-icon\">\n\t\t\t\t\t\t\t<svg aria-hidden=\"true\" class=\"e-font-icon-svg e-fas-arrows-alt-h\" viewBox=\"0 0 512 512\" xmlns=\"http:\/\/www.w3.org\/2000\/svg\"><path d=\"M377.941 169.941V216H134.059v-46.059c0-21.382-25.851-32.09-40.971-16.971L7.029 239.029c-9.373 9.373-9.373 24.568 0 33.941l86.059 86.059c15.119 15.119 40.971 4.411 40.971-16.971V296h243.882v46.059c0 21.382 25.851 32.09 40.971 16.971l86.059-86.059c9.373-9.373 9.373-24.568 0-33.941l-86.059-86.059c-15.119-15.12-40.971-4.412-40.971 16.97z\"><\/path><\/svg>\t\t\t\t\t\t<\/span>\n\t\t\t\t\t\t\t\t\t\t<span class=\"elementor-icon-list-text\">40 metros cuadrados<\/span>\n\t\t\t\t\t\t\t\t\t<\/li>\n\t\t\t\t\t\t\t\t<li class=\"elementor-icon-list-item\">\n\t\t\t\t\t\t\t\t\t\t\t<span class=\"elementor-icon-list-icon\">\n\t\t\t\t\t\t\t<svg aria-hidden=\"true\" class=\"e-font-icon-svg e-fas-wifi\" viewBox=\"0 0 640 512\" xmlns=\"http:\/\/www.w3.org\/2000\/svg\"><path d=\"M634.91 154.88C457.74-8.99 182.19-8.93 5.09 154.88c-6.66 6.16-6.79 16.59-.35 22.98l34.24 33.97c6.14 6.1 16.02 6.23 22.4.38 145.92-133.68 371.3-133.71 517.25 0 6.38 5.85 16.26 5.71 22.4-.38l34.24-33.97c6.43-6.39 6.3-16.82-.36-22.98zM320 352c-35.35 0-64 28.65-64 64s28.65 64 64 64 64-28.65 64-64-28.65-64-64-64zm202.67-83.59c-115.26-101.93-290.21-101.82-405.34 0-6.9 6.1-7.12 16.69-.57 23.15l34.44 33.99c6 5.92 15.66 6.32 22.05.8 83.95-72.57 209.74-72.41 293.49 0 6.39 5.52 16.05 5.13 22.05-.8l34.44-33.99c6.56-6.46 6.33-17.06-.56-23.15z\"><\/path><\/svg>\t\t\t\t\t\t<\/span>\n\t\t\t\t\t\t\t\t\t\t<span class=\"elementor-icon-list-text\">zona wifi gratuita<\/span>\n\t\t\t\t\t\t\t\t\t<\/li>\n\t\t\t\t\t\t\t\t<li class=\"elementor-icon-list-item\">\n\t\t\t\t\t\t\t\t\t\t\t<span class=\"elementor-icon-list-icon\">\n\t\t\t\t\t\t\t<svg aria-hidden=\"true\" class=\"e-font-icon-svg e-fas-tv\" viewBox=\"0 0 640 512\" xmlns=\"http:\/\/www.w3.org\/2000\/svg\"><path d=\"M592 0H48A48 48 0 0 0 0 48v320a48 48 0 0 0 48 48h240v32H112a16 16 0 0 0-16 16v32a16 16 0 0 0 16 16h416a16 16 0 0 0 16-16v-32a16 16 0 0 0-16-16H352v-32h240a48 48 0 0 0 48-48V48a48 48 0 0 0-48-48zm-16 352H64V64h512z\"><\/path><\/svg>\t\t\t\t\t\t<\/span>\n\t\t\t\t\t\t\t\t\t\t<span class=\"elementor-icon-list-text\">Smart TV<\/span>\n\t\t\t\t\t\t\t\t\t<\/li>\n\t\t\t\t\t\t\t\t<li class=\"elementor-icon-list-item\">\n\t\t\t\t\t\t\t\t\t\t\t<span class=\"elementor-icon-list-icon\">\n\t\t\t\t\t\t\t<svg aria-hidden=\"true\" class=\"e-font-icon-svg e-fas-utensil-spoon\" viewBox=\"0 0 512 512\" xmlns=\"http:\/\/www.w3.org\/2000\/svg\"><path d=\"M480.1 31.9c-55-55.1-164.9-34.5-227.8 28.5-49.3 49.3-55.1 110-28.8 160.4L9 413.2c-11.6 10.5-12.1 28.5-1 39.5L59.3 504c11 11 29.1 10.5 39.5-1.1l192.4-214.4c50.4 26.3 111.1 20.5 160.4-28.8 63-62.9 83.6-172.8 28.5-227.8z\"><\/path><\/svg>\t\t\t\t\t\t<\/span>\n\t\t\t\t\t\t\t\t\t\t<span class=\"elementor-icon-list-text\">Cocina completamente equipada (lavadora, microondas, horno, cafetera italiana, hervidor de agua, batidora, tostadora de pan, menaje)<\/span>\n\t\t\t\t\t\t\t\t\t<\/li>\n\t\t\t\t\t\t\t\t<li class=\"elementor-icon-list-item\">\n\t\t\t\t\t\t\t\t\t\t\t<span class=\"elementor-icon-list-icon\">\n\t\t\t\t\t\t\t<svg aria-hidden=\"true\" class=\"e-font-icon-svg e-fas-bath\" viewBox=\"0 0 512 512\" xmlns=\"http:\/\/www.w3.org\/2000\/svg\"><path d=\"M32,384a95.4,95.4,0,0,0,32,71.09V496a16,16,0,0,0,16,16h32a16,16,0,0,0,16-16V480H384v16a16,16,0,0,0,16,16h32a16,16,0,0,0,16-16V455.09A95.4,95.4,0,0,0,480,384V336H32ZM496,256H80V69.25a21.26,21.26,0,0,1,36.28-15l19.27,19.26c-13.13,29.88-7.61,59.11,8.62,79.73l-.17.17A16,16,0,0,0,144,176l11.31,11.31a16,16,0,0,0,22.63,0L283.31,81.94a16,16,0,0,0,0-22.63L272,48a16,16,0,0,0-22.62,0l-.17.17c-20.62-16.23-49.83-21.75-79.73-8.62L150.22,20.28A69.25,69.25,0,0,0,32,69.25V256H16A16,16,0,0,0,0,272v16a16,16,0,0,0,16,16H496a16,16,0,0,0,16-16V272A16,16,0,0,0,496,256Z\"><\/path><\/svg>\t\t\t\t\t\t<\/span>\n\t\t\t\t\t\t\t\t\t\t<span class=\"elementor-icon-list-text\">Ba\u00f1o completo y equipado con toallas, geles, secador de pelo, etc<\/span>\n\t\t\t\t\t\t\t\t\t<\/li>\n\t\t\t\t\t\t\t\t<li class=\"elementor-icon-list-item\">\n\t\t\t\t\t\t\t\t\t\t<span class=\"elementor-icon-list-text\">Consultar Disponibilidad, Reservas, Precios:  WhatsApp: 679.964.263 <\/span>\n\t\t\t\t\t\t\t\t\t<\/li>\n\t\t\t\t\t\t<\/ul>\n\t\t\t\t\t\t<\/div>\n\t\t\t\t<\/div>\n\t\t<div class=\"elementor-element elementor-element-6c721d8 e-con-full e-flex e-con e-child\" data-id=\"6c721d8\" data-element_type=\"container\">\n\t\t\t\t<div class=\"elementor-element elementor-element-5a6e874 elementor-widget elementor-widget-text-editor\" data-id=\"5a6e874\" data-element_type=\"widget\" data-widget_type=\"text-editor.default\">\n\t\t\t\t\t\t\t\t\t<p><strong>Un rinconcito con alma en el barrio m\u00e1s literario y encantador de la ciudad. <\/strong>Aqu\u00ed tendr\u00e1s <strong>todo Madrid a un paso<\/strong> y un espacio acogedor al que volver.<\/p><p>En el coraz\u00f3n del emblem\u00e1tico <strong>Barrio de las Letras<\/strong>, donde las calles respiran historia, arte y vida madrile\u00f1a, se encuentra <strong>El Rinconcito de Huertas<\/strong>: un peque\u00f1o apartamento lleno de encanto pensado para desconectar sin alejarte de nada.<\/p><p>El <strong>Barrio de las Huertas<\/strong>, conocido tambi\u00e9n como <strong>Barrio de las Letras<\/strong>, es una de las zonas m\u00e1s emblem\u00e1ticas y con m\u00e1s encanto del centro de Madrid. Sus calles peatonales, llenas de historia, calles literarias y vida cultural, combinan cafeter\u00edas acogedoras, peque\u00f1os comercios, terrazas con ambiente y museos a pocos minutos.<br \/>Un barrio vibrante, art\u00edstico y muy aut\u00e9ntico, ideal para disfrutar Madrid paseando.<\/p><p><strong>El Rinconcito de Huertas<\/strong> est\u00e1 situado en pleno <strong>Barrio de las Letras<\/strong>, uno de sus barrios con m\u00e1s historia.hogar de grandes escritores como <em>Cervantes, Lope de Vega, Quevedo o G\u00f3ngora<\/em>, cuyas huellas a\u00fan se respiran en sus calles peatonales llenas de versos, cultura y vida.<\/p><p>Hospedarte en <strong>El Rinconcito de Huertas<\/strong> significa estar a pocos minutos del coraz\u00f3n cultural de Madrid. Desde la puerta del apartamento puedes llegar paseando al famoso <strong>Tri\u00e1ngulo del Arte<\/strong>, formado por el <strong>Museo del Prado<\/strong>, el <strong>Museo Thyssen-Bornemisza<\/strong> y el <strong>Museo Reina Sof\u00eda<\/strong>, tres de las pinacotecas m\u00e1s importantes del mundo.<\/p><p>En apenas unos pasos te encontrar\u00e1s frente a obras maestras universales, jardines hist\u00f3ricos, arquitectura impresionante y un ambiente cultural \u00fanico. Es un lugar perfecto para quienes aman el arte, la historia y los paseos tranquilos por avenidas llenas de vida.<\/p><p>Aqu\u00ed todo est\u00e1 pensado para que vivas Madrid a tu ritmo, con la comodidad de tenerlo todo al alcance.<\/p>\t\t\t\t\t\t\t\t<\/div>\n\t\t\t\t<\/div>\n\t\t\t\t\t<\/div>\n\t\t\t\t<\/div>\n\t\t<div class=\"elementor-element elementor-element-898cefb e-flex e-con-boxed e-con e-parent\" data-id=\"898cefb\" data-element_type=\"container\">\n\t\t\t\t\t<div class=\"e-con-inner\">\n\t\t\t\t<div class=\"elementor-element elementor-element-5893776 elementor-widget-divider--view-line elementor-widget elementor-widget-divider\" data-id=\"5893776\" data-element_type=\"widget\" data-widget_type=\"divider.default\">\n\t\t\t\t\t\t\t<div class=\"elementor-divider\">\n\t\t\t<span class=\"elementor-divider-separator\">\n\t\t\t\t\t\t<\/span>\n\t\t<\/div>\n\t\t\t\t\t\t<\/div>\n\t\t\t\t<div class=\"elementor-element elementor-element-e469c6b elementor-widget elementor-widget-text-editor\" data-id=\"e469c6b\" data-element_type=\"widget\" data-widget_type=\"text-editor.default\">\n\t\t\t\t\t\t\t\t\t<p>El Rinconcito de Huertas, ofrece un\u00a0peque\u00f1o <strong>sal\u00f3n moderno y luminoso<\/strong>,\u00a0<strong>cocina totalmente equipada<\/strong>\u00a0integrada al sal\u00f3n, <strong>dormitorio confortable<\/strong>\u00a0y\u00a0<strong>ba\u00f1o<\/strong><\/p><p><strong>Totalmente reformado y<\/strong>\u00a0con todas las comodidades. Incluye\u00a0<strong>wifi de alta velocidad<\/strong>,\u00a0<strong>aire acondicionado<\/strong>,\u00a0<strong>calefacci\u00f3n<\/strong>,\u00a0<strong>ropa de cama y toallas<\/strong>, adem\u00e1s de detalles pensados para una estancia pr\u00e1ctica y agradable.<\/p><p>En este apartamento encontrar\u00e1s una cocina preparada para ti desde el primer momento: aceites, especias, caf\u00e9s, t\u00e9s y todos esos peque\u00f1os detalles que hacen la vida m\u00e1s f\u00e1cil. No tendr\u00e1s que preocuparte de nada; solo llegar, abrir los armarios y sentirte como en casa.<\/p><p><strong>El Rinconcito de Huertas<\/strong> combina lo mejor de dos mundos:<br \/>la energ\u00eda de sus calles hist\u00f3ricas\u2026 y la tranquilidad de un apartamento interior pensado para el descanso.<\/p><p>A pesar de estar rodeado de museos, terrazas, librer\u00edas y cultura, al entrar en el rinconcito todo cambia:<strong> el silencio, la calma y la intimidad te envuelven<\/strong><\/p>\t\t\t\t\t\t\t\t<\/div>\n\t\t\t\t<div class=\"elementor-element elementor-element-e5cbd0c elementor-widget elementor-widget-google_maps\" data-id=\"e5cbd0c\" data-element_type=\"widget\" data-widget_type=\"google_maps.default\">\n\t\t\t\t\t\t\t<div class=\"elementor-custom-embed\">\n\t\t\t<iframe loading=\"lazy\"\n\t\t\t\t\tsrc=\"https:\/\/maps.google.com\/maps?q=Calle%20Costanilla%20de%20los%20Desamparados%2C%2011%2C%20Centro%2C%2028014%20Madrid&#038;t=m&#038;z=10&#038;output=embed&#038;iwloc=near\"\n\t\t\t\t\ttitle=\"Calle Costanilla de los Desamparados, 11, Centro, 28014 Madrid\"\n\t\t\t\t\taria-label=\"Calle Costanilla de los Desamparados, 11, Centro, 28014 Madrid\"\n\t\t\t><\/iframe>\n\t\t<\/div>\n\t\t\t\t\t\t<\/div>\n\t\t\t\t\t<\/div>\n\t\t\t\t<\/div>\n\t\t\t\t<\/div>\n\t\t","protected":false},"excerpt":{"rendered":"<p>Tu rinconcito en Huertas (Barrio de las letras, Madrid) 1 cama 1,40*2,00 2 personas 40 metros cuadrados zona wifi gratuita Smart TV [&hellip;]<\/p>\n","protected":false},"author":1,"featured_media":0,"parent":0,"menu_order":0,"comment_status":"closed","ping_status":"closed","template":"page-templates\/page_front-page.php","meta":{"footnotes":""},"class_list":["post-1142","page","type-page","status-publish","hentry"],"_links":{"self":[{"href":"https:\/\/losrinconcitos.com\/index.php\/wp-json\/wp\/v2\/pages\/1142","targetHints":{"allow":["GET"]}}],"collection":[{"href":"https:\/\/losrinconcitos.com\/index.php\/wp-json\/wp\/v2\/pages"}],"about":[{"href":"https:\/\/losrinconcitos.com\/index.php\/wp-json\/wp\/v2\/types\/page"}],"author":[{"embeddable":true,"href":"https:\/\/losrinconcitos.com\/index.php\/wp-json\/wp\/v2\/users\/1"}],"replies":[{"embeddable":true,"href":"https:\/\/losrinconcitos.com\/index.php\/wp-json\/wp\/v2\/comments?post=1142"}],"version-history":[{"count":34,"href":"https:\/\/losrinconcitos.com\/index.php\/wp-json\/wp\/v2\/pages\/1142\/revisions"}],"predecessor-version":[{"id":1517,"href":"https:\/\/losrinconcitos.com\/index.php\/wp-json\/wp\/v2\/pages\/1142\/revisions\/1517"}],"wp:attachment":[{"href":"https:\/\/losrinconcitos.com\/index.php\/wp-json\/wp\/v2\/media?parent=1142"}],"curies":[{"name":"wp","href":"https:\/\/api.w.org\/{rel}","templated":true}]}}