{"id":1140,"date":"2025-11-18T17:33:09","date_gmt":"2025-11-18T17:33:09","guid":{"rendered":"https:\/\/losrinconcitos.com\/?page_id=1140"},"modified":"2026-02-19T06:07:44","modified_gmt":"2026-02-19T06:07:44","slug":"bejar","status":"publish","type":"page","link":"https:\/\/losrinconcitos.com\/index.php\/bejar\/","title":{"rendered":"B\u00e9jar"},"content":{"rendered":"\t\t<div data-elementor-type=\"wp-page\" data-elementor-id=\"1140\" class=\"elementor elementor-1140\">\n\t\t\t\t<div class=\"elementor-element elementor-element-9a5846b e-flex e-con-boxed e-con e-parent\" data-id=\"9a5846b\" data-element_type=\"container\">\n\t\t\t\t\t<div class=\"e-con-inner\">\n\t\t\t\t<div class=\"elementor-element elementor-element-5488251 elementor-widget elementor-widget-heading\" data-id=\"5488251\" data-element_type=\"widget\" data-widget_type=\"heading.default\">\n\t\t\t\t\t<h2 class=\"elementor-heading-title elementor-size-default\">Tu rinconcito en B\u00e9jar (Sierra de B\u00e9jar)<\/h2>\t\t\t\t<\/div>\n\t\t\t\t\t<\/div>\n\t\t\t\t<\/div>\n\t\t<div class=\"elementor-element elementor-element-e269c2b e-flex e-con-boxed e-con e-parent\" data-id=\"e269c2b\" data-element_type=\"container\">\n\t\t\t\t\t<div class=\"e-con-inner\">\n\t\t<div class=\"elementor-element elementor-element-de3a6d5 e-con-full e-flex e-con e-child\" data-id=\"de3a6d5\" data-element_type=\"container\">\n\t\t\t\t<div class=\"elementor-element elementor-element-2765e61 elementor-widget elementor-widget-image\" data-id=\"2765e61\" data-element_type=\"widget\" data-widget_type=\"image.default\">\n\t\t\t\t\t\t\t\t\t\t\t\t\t\t\t<img fetchpriority=\"high\" decoding=\"async\" width=\"1024\" height=\"1024\" src=\"https:\/\/losrinconcitos.com\/wp-content\/uploads\/2025\/11\/logo-rinconcitos-negro.jpeg\" class=\"attachment-large size-large wp-image-1047\" alt=\"\" srcset=\"https:\/\/losrinconcitos.com\/wp-content\/uploads\/2025\/11\/logo-rinconcitos-negro.jpeg 1024w, https:\/\/losrinconcitos.com\/wp-content\/uploads\/2025\/11\/logo-rinconcitos-negro-300x300.jpeg 300w, https:\/\/losrinconcitos.com\/wp-content\/uploads\/2025\/11\/logo-rinconcitos-negro-150x150.jpeg 150w, https:\/\/losrinconcitos.com\/wp-content\/uploads\/2025\/11\/logo-rinconcitos-negro-768x768.jpeg 768w, https:\/\/losrinconcitos.com\/wp-content\/uploads\/2025\/11\/logo-rinconcitos-negro-1000x1000.jpeg 1000w, https:\/\/losrinconcitos.com\/wp-content\/uploads\/2025\/11\/logo-rinconcitos-negro-230x230.jpeg 230w, https:\/\/losrinconcitos.com\/wp-content\/uploads\/2025\/11\/logo-rinconcitos-negro-350x350.jpeg 350w, https:\/\/losrinconcitos.com\/wp-content\/uploads\/2025\/11\/logo-rinconcitos-negro-480x480.jpeg 480w\" sizes=\"(max-width: 1024px) 100vw, 1024px\" \/>\t\t\t\t\t\t\t\t\t\t\t\t\t\t\t<\/div>\n\t\t\t\t<\/div>\n\t\t<div class=\"elementor-element elementor-element-6262c52 e-con-full e-flex e-con e-child\" data-id=\"6262c52\" data-element_type=\"container\">\n\t\t\t\t<div class=\"elementor-element elementor-element-31b5877 elementor-widget elementor-widget-image\" data-id=\"31b5877\" data-element_type=\"widget\" data-widget_type=\"image.default\">\n\t\t\t\t\t\t\t\t\t\t\t\t\t\t\t<img decoding=\"async\" width=\"512\" height=\"512\" src=\"https:\/\/losrinconcitos.com\/wp-content\/uploads\/2025\/10\/cropped-cropped-Los-rinconcitos.png\" class=\"attachment-large size-large wp-image-22\" alt=\"\" srcset=\"https:\/\/losrinconcitos.com\/wp-content\/uploads\/2025\/10\/cropped-cropped-Los-rinconcitos.png 512w, https:\/\/losrinconcitos.com\/wp-content\/uploads\/2025\/10\/cropped-cropped-Los-rinconcitos-300x300.png 300w, https:\/\/losrinconcitos.com\/wp-content\/uploads\/2025\/10\/cropped-cropped-Los-rinconcitos-150x150.png 150w, https:\/\/losrinconcitos.com\/wp-content\/uploads\/2025\/10\/cropped-cropped-Los-rinconcitos-270x270.png 270w, https:\/\/losrinconcitos.com\/wp-content\/uploads\/2025\/10\/cropped-cropped-Los-rinconcitos-192x192.png 192w, https:\/\/losrinconcitos.com\/wp-content\/uploads\/2025\/10\/cropped-cropped-Los-rinconcitos-180x180.png 180w, https:\/\/losrinconcitos.com\/wp-content\/uploads\/2025\/10\/cropped-cropped-Los-rinconcitos-32x32.png 32w\" sizes=\"(max-width: 512px) 100vw, 512px\" \/>\t\t\t\t\t\t\t\t\t\t\t\t\t\t\t<\/div>\n\t\t\t\t<\/div>\n\t\t<div class=\"elementor-element elementor-element-1da4944 e-con-full e-flex e-con e-child\" data-id=\"1da4944\" data-element_type=\"container\">\n\t\t\t\t<div class=\"elementor-element elementor-element-5941448 elementor-widget elementor-widget-image\" data-id=\"5941448\" data-element_type=\"widget\" data-widget_type=\"image.default\">\n\t\t\t\t\t\t\t\t\t\t\t\t\t\t\t<img decoding=\"async\" width=\"500\" height=\"500\" src=\"https:\/\/losrinconcitos.com\/wp-content\/uploads\/2025\/11\/Diseno-sin-titulo2.jpg\" class=\"attachment-large size-large wp-image-1032\" alt=\"\" srcset=\"https:\/\/losrinconcitos.com\/wp-content\/uploads\/2025\/11\/Diseno-sin-titulo2.jpg 500w, https:\/\/losrinconcitos.com\/wp-content\/uploads\/2025\/11\/Diseno-sin-titulo2-300x300.jpg 300w, https:\/\/losrinconcitos.com\/wp-content\/uploads\/2025\/11\/Diseno-sin-titulo2-150x150.jpg 150w, https:\/\/losrinconcitos.com\/wp-content\/uploads\/2025\/11\/Diseno-sin-titulo2-230x230.jpg 230w, https:\/\/losrinconcitos.com\/wp-content\/uploads\/2025\/11\/Diseno-sin-titulo2-350x350.jpg 350w, https:\/\/losrinconcitos.com\/wp-content\/uploads\/2025\/11\/Diseno-sin-titulo2-480x480.jpg 480w\" sizes=\"(max-width: 500px) 100vw, 500px\" \/>\t\t\t\t\t\t\t\t\t\t\t\t\t\t\t<\/div>\n\t\t\t\t<\/div>\n\t\t<div class=\"elementor-element elementor-element-53374fe e-con-full e-flex e-con e-child\" data-id=\"53374fe\" data-element_type=\"container\">\n\t\t\t\t<div class=\"elementor-element elementor-element-bb55f59 elementor-icon-list--layout-traditional elementor-list-item-link-full_width elementor-widget elementor-widget-icon-list\" data-id=\"bb55f59\" data-element_type=\"widget\" data-widget_type=\"icon-list.default\">\n\t\t\t\t\t\t\t<ul class=\"elementor-icon-list-items\">\n\t\t\t\t\t\t\t<li class=\"elementor-icon-list-item\">\n\t\t\t\t\t\t\t\t\t\t\t<span class=\"elementor-icon-list-icon\">\n\t\t\t\t\t\t\t<svg aria-hidden=\"true\" class=\"e-font-icon-svg e-fas-bed\" viewBox=\"0 0 640 512\" xmlns=\"http:\/\/www.w3.org\/2000\/svg\"><path d=\"M176 256c44.11 0 80-35.89 80-80s-35.89-80-80-80-80 35.89-80 80 35.89 80 80 80zm352-128H304c-8.84 0-16 7.16-16 16v144H64V80c0-8.84-7.16-16-16-16H16C7.16 64 0 71.16 0 80v352c0 8.84 7.16 16 16 16h32c8.84 0 16-7.16 16-16v-48h512v48c0 8.84 7.16 16 16 16h32c8.84 0 16-7.16 16-16V240c0-61.86-50.14-112-112-112z\"><\/path><\/svg>\t\t\t\t\t\t<\/span>\n\t\t\t\t\t\t\t\t\t\t<span class=\"elementor-icon-list-text\">1 cama 1,40*2,00<\/span>\n\t\t\t\t\t\t\t\t\t<\/li>\n\t\t\t\t\t\t\t\t<li class=\"elementor-icon-list-item\">\n\t\t\t\t\t\t\t\t\t\t\t<span class=\"elementor-icon-list-icon\">\n\t\t\t\t\t\t\t<svg aria-hidden=\"true\" class=\"e-font-icon-svg e-fas-bed\" viewBox=\"0 0 640 512\" xmlns=\"http:\/\/www.w3.org\/2000\/svg\"><path d=\"M176 256c44.11 0 80-35.89 80-80s-35.89-80-80-80-80 35.89-80 80 35.89 80 80 80zm352-128H304c-8.84 0-16 7.16-16 16v144H64V80c0-8.84-7.16-16-16-16H16C7.16 64 0 71.16 0 80v352c0 8.84 7.16 16 16 16h32c8.84 0 16-7.16 16-16v-48h512v48c0 8.84 7.16 16 16 16h32c8.84 0 16-7.16 16-16V240c0-61.86-50.14-112-112-112z\"><\/path><\/svg>\t\t\t\t\t\t<\/span>\n\t\t\t\t\t\t\t\t\t\t<span class=\"elementor-icon-list-text\">1 cama 1,20*2,00<\/span>\n\t\t\t\t\t\t\t\t\t<\/li>\n\t\t\t\t\t\t\t\t<li class=\"elementor-icon-list-item\">\n\t\t\t\t\t\t\t\t\t\t\t<span class=\"elementor-icon-list-icon\">\n\t\t\t\t\t\t\t<svg aria-hidden=\"true\" class=\"e-font-icon-svg e-fas-people-arrows\" viewBox=\"0 0 576 512\" xmlns=\"http:\/\/www.w3.org\/2000\/svg\"><path d=\"M96,128A64,64,0,1,0,32,64,64,64,0,0,0,96,128Zm0,176.08a44.11,44.11,0,0,1,13.64-32L181.77,204c1.65-1.55,3.77-2.31,5.61-3.57A63.91,63.91,0,0,0,128,160H64A64,64,0,0,0,0,224v96a32,32,0,0,0,32,32V480a32,32,0,0,0,32,32h64a32,32,0,0,0,32-32V383.61l-50.36-47.53A44.08,44.08,0,0,1,96,304.08ZM480,128a64,64,0,1,0-64-64A64,64,0,0,0,480,128Zm32,32H448a63.91,63.91,0,0,0-59.38,40.42c1.84,1.27,4,2,5.62,3.59l72.12,68.06a44.37,44.37,0,0,1,0,64L416,383.62V480a32,32,0,0,0,32,32h64a32,32,0,0,0,32-32V352a32,32,0,0,0,32-32V224A64,64,0,0,0,512,160ZM444.4,295.34l-72.12-68.06A12,12,0,0,0,352,236v36H224V236a12,12,0,0,0-20.28-8.73L131.6,295.34a12.4,12.4,0,0,0,0,17.47l72.12,68.07A12,12,0,0,0,224,372.14V336H352v36.14a12,12,0,0,0,20.28,8.74l72.12-68.07A12.4,12.4,0,0,0,444.4,295.34Z\"><\/path><\/svg>\t\t\t\t\t\t<\/span>\n\t\t\t\t\t\t\t\t\t\t<span class=\"elementor-icon-list-text\">2-3 personas<\/span>\n\t\t\t\t\t\t\t\t\t<\/li>\n\t\t\t\t\t\t\t\t<li class=\"elementor-icon-list-item\">\n\t\t\t\t\t\t\t\t\t\t\t<span class=\"elementor-icon-list-icon\">\n\t\t\t\t\t\t\t<svg aria-hidden=\"true\" class=\"e-font-icon-svg e-fas-arrows-alt-h\" viewBox=\"0 0 512 512\" xmlns=\"http:\/\/www.w3.org\/2000\/svg\"><path d=\"M377.941 169.941V216H134.059v-46.059c0-21.382-25.851-32.09-40.971-16.971L7.029 239.029c-9.373 9.373-9.373 24.568 0 33.941l86.059 86.059c15.119 15.119 40.971 4.411 40.971-16.971V296h243.882v46.059c0 21.382 25.851 32.09 40.971 16.971l86.059-86.059c9.373-9.373 9.373-24.568 0-33.941l-86.059-86.059c-15.119-15.12-40.971-4.412-40.971 16.97z\"><\/path><\/svg>\t\t\t\t\t\t<\/span>\n\t\t\t\t\t\t\t\t\t\t<span class=\"elementor-icon-list-text\">60 metros cuadrados<\/span>\n\t\t\t\t\t\t\t\t\t<\/li>\n\t\t\t\t\t\t\t\t<li class=\"elementor-icon-list-item\">\n\t\t\t\t\t\t\t\t\t\t\t<span class=\"elementor-icon-list-icon\">\n\t\t\t\t\t\t\t<svg aria-hidden=\"true\" class=\"e-font-icon-svg e-fas-mountain\" viewBox=\"0 0 640 512\" xmlns=\"http:\/\/www.w3.org\/2000\/svg\"><path d=\"M634.92 462.7l-288-448C341.03 5.54 330.89 0 320 0s-21.03 5.54-26.92 14.7l-288 448a32.001 32.001 0 0 0-1.17 32.64A32.004 32.004 0 0 0 32 512h576c11.71 0 22.48-6.39 28.09-16.67a31.983 31.983 0 0 0-1.17-32.63zM320 91.18L405.39 224H320l-64 64-38.06-38.06L320 91.18z\"><\/path><\/svg>\t\t\t\t\t\t<\/span>\n\t\t\t\t\t\t\t\t\t\t<span class=\"elementor-icon-list-text\">vistas a la monta\u00f1a<\/span>\n\t\t\t\t\t\t\t\t\t<\/li>\n\t\t\t\t\t\t\t\t<li class=\"elementor-icon-list-item\">\n\t\t\t\t\t\t\t\t\t\t\t<span class=\"elementor-icon-list-icon\">\n\t\t\t\t\t\t\t<svg aria-hidden=\"true\" class=\"e-font-icon-svg e-fas-wifi\" viewBox=\"0 0 640 512\" xmlns=\"http:\/\/www.w3.org\/2000\/svg\"><path d=\"M634.91 154.88C457.74-8.99 182.19-8.93 5.09 154.88c-6.66 6.16-6.79 16.59-.35 22.98l34.24 33.97c6.14 6.1 16.02 6.23 22.4.38 145.92-133.68 371.3-133.71 517.25 0 6.38 5.85 16.26 5.71 22.4-.38l34.24-33.97c6.43-6.39 6.3-16.82-.36-22.98zM320 352c-35.35 0-64 28.65-64 64s28.65 64 64 64 64-28.65 64-64-28.65-64-64-64zm202.67-83.59c-115.26-101.93-290.21-101.82-405.34 0-6.9 6.1-7.12 16.69-.57 23.15l34.44 33.99c6 5.92 15.66 6.32 22.05.8 83.95-72.57 209.74-72.41 293.49 0 6.39 5.52 16.05 5.13 22.05-.8l34.44-33.99c6.56-6.46 6.33-17.06-.56-23.15z\"><\/path><\/svg>\t\t\t\t\t\t<\/span>\n\t\t\t\t\t\t\t\t\t\t<span class=\"elementor-icon-list-text\">zona wifi gratuita<\/span>\n\t\t\t\t\t\t\t\t\t<\/li>\n\t\t\t\t\t\t\t\t<li class=\"elementor-icon-list-item\">\n\t\t\t\t\t\t\t\t\t\t\t<span class=\"elementor-icon-list-icon\">\n\t\t\t\t\t\t\t<svg aria-hidden=\"true\" class=\"e-font-icon-svg e-fas-tv\" viewBox=\"0 0 640 512\" xmlns=\"http:\/\/www.w3.org\/2000\/svg\"><path d=\"M592 0H48A48 48 0 0 0 0 48v320a48 48 0 0 0 48 48h240v32H112a16 16 0 0 0-16 16v32a16 16 0 0 0 16 16h416a16 16 0 0 0 16-16v-32a16 16 0 0 0-16-16H352v-32h240a48 48 0 0 0 48-48V48a48 48 0 0 0-48-48zm-16 352H64V64h512z\"><\/path><\/svg>\t\t\t\t\t\t<\/span>\n\t\t\t\t\t\t\t\t\t\t<span class=\"elementor-icon-list-text\">Smart TV<\/span>\n\t\t\t\t\t\t\t\t\t<\/li>\n\t\t\t\t\t\t\t\t<li class=\"elementor-icon-list-item\">\n\t\t\t\t\t\t\t\t\t\t\t<span class=\"elementor-icon-list-icon\">\n\t\t\t\t\t\t\t<svg aria-hidden=\"true\" class=\"e-font-icon-svg e-fas-utensil-spoon\" viewBox=\"0 0 512 512\" xmlns=\"http:\/\/www.w3.org\/2000\/svg\"><path d=\"M480.1 31.9c-55-55.1-164.9-34.5-227.8 28.5-49.3 49.3-55.1 110-28.8 160.4L9 413.2c-11.6 10.5-12.1 28.5-1 39.5L59.3 504c11 11 29.1 10.5 39.5-1.1l192.4-214.4c50.4 26.3 111.1 20.5 160.4-28.8 63-62.9 83.6-172.8 28.5-227.8z\"><\/path><\/svg>\t\t\t\t\t\t<\/span>\n\t\t\t\t\t\t\t\t\t\t<span class=\"elementor-icon-list-text\">Cocina completamente equipada(lavadora, lavavajillas, horno, microondas, cafetera italiana, hervidor de agua, batidora, tostadora de pan, menaje, etc.)<\/span>\n\t\t\t\t\t\t\t\t\t<\/li>\n\t\t\t\t\t\t\t\t<li class=\"elementor-icon-list-item\">\n\t\t\t\t\t\t\t\t\t\t\t<span class=\"elementor-icon-list-icon\">\n\t\t\t\t\t\t\t<svg aria-hidden=\"true\" class=\"e-font-icon-svg e-fas-bath\" viewBox=\"0 0 512 512\" xmlns=\"http:\/\/www.w3.org\/2000\/svg\"><path d=\"M32,384a95.4,95.4,0,0,0,32,71.09V496a16,16,0,0,0,16,16h32a16,16,0,0,0,16-16V480H384v16a16,16,0,0,0,16,16h32a16,16,0,0,0,16-16V455.09A95.4,95.4,0,0,0,480,384V336H32ZM496,256H80V69.25a21.26,21.26,0,0,1,36.28-15l19.27,19.26c-13.13,29.88-7.61,59.11,8.62,79.73l-.17.17A16,16,0,0,0,144,176l11.31,11.31a16,16,0,0,0,22.63,0L283.31,81.94a16,16,0,0,0,0-22.63L272,48a16,16,0,0,0-22.62,0l-.17.17c-20.62-16.23-49.83-21.75-79.73-8.62L150.22,20.28A69.25,69.25,0,0,0,32,69.25V256H16A16,16,0,0,0,0,272v16a16,16,0,0,0,16,16H496a16,16,0,0,0,16-16V272A16,16,0,0,0,496,256Z\"><\/path><\/svg>\t\t\t\t\t\t<\/span>\n\t\t\t\t\t\t\t\t\t\t<span class=\"elementor-icon-list-text\">Ba\u00f1o completo y equipado con geles, toallas, secador de pelo, etc.<\/span>\n\t\t\t\t\t\t\t\t\t<\/li>\n\t\t\t\t\t\t\t\t<li class=\"elementor-icon-list-item\">\n\t\t\t\t\t\t\t\t\t\t<span class=\"elementor-icon-list-text\">Consultar Disponibilidad, Reservas, Precios:  WhatsApp: 679.964.263 <\/span>\n\t\t\t\t\t\t\t\t\t<\/li>\n\t\t\t\t\t\t<\/ul>\n\t\t\t\t\t\t<\/div>\n\t\t\t\t<\/div>\n\t\t<div class=\"elementor-element elementor-element-6c721d8 e-con-full e-flex e-con e-child\" data-id=\"6c721d8\" data-element_type=\"container\">\n\t\t\t\t<div class=\"elementor-element elementor-element-5a6e874 elementor-widget elementor-widget-text-editor\" data-id=\"5a6e874\" data-element_type=\"widget\" data-widget_type=\"text-editor.default\">\n\t\t\t\t\t\t\t\t\t<p>Naturaleza, tranquilidad y aire puro<\/p><p>En la Sierra de <strong>B\u00e9jar<\/strong> encontrar\u00e1s un rinconcito pensado para quienes buscan contacto con la naturaleza, rutas, aventuras y momentos de silencio que reconectan. Es un peque\u00f1o espacio c\u00e1lido, rodeado de monta\u00f1a y lleno de esa paz que solo se encuentra lejos del ruido.<\/p><p>Aqu\u00ed podr\u00e1s disfrutar de d\u00edas de senderismo, tardes de puestas de sol, aire fresco y noches estrelladas. Cada detalle del apartamento est\u00e1 creado para abrazarte despu\u00e9s de un d\u00eda de escapada: un lugar donde la comodidad y la serenidad se sienten desde el primer minuto.<\/p><p>Peque\u00f1o, acogedor y perfecto para quienes quieren un descanso aut\u00e9ntico.<\/p><p>B\u00e9jar combina historia y naturaleza en un entorno serrano muy agradable. En el casco antiguo destacan la\u00a0<strong>Iglesia de Santa Mar\u00eda<\/strong>, el\u00a0<strong>Palacio Ducal<\/strong>\u00a0y los restos de la\u00a0<strong>muralla medieval<\/strong>\u00a0\u00a0 que date del siglo XII. \u00a0Muy cerca, podr\u00e1s recorrer las f\u00e1bricas textiles al lado del cauce del rio Hombre y visitar el\u00a0<strong>Museo Textil<\/strong>\u00a0que explica la importante tradici\u00f3n industrial que tuvo la ciudad.<\/p><p>Uno de los lugares imprescindibles es\u00a0<strong>El Bosque<\/strong>, un jard\u00edn renacentista con estanque y paseos perfectos para relajarse. Para los amantes del aire libre, la\u00a0<strong>Sierra de B\u00e9jar<\/strong>\u00a0ofrece rutas de senderismo, la visita al pueblo de\u00a0<strong>Candelario<\/strong>\u00a0y, en invierno, esqu\u00ed en\u00a0<strong>La Covatilla<\/strong>.<\/p><p>La\u00a0<strong>Plaza Mayor<\/strong>\u00a0invita a tomar algo y disfrutar del ambiente local, y los miradores del entorno permiten contemplar la ciudad y el paisaje serrano.<\/p>\t\t\t\t\t\t\t\t<\/div>\n\t\t\t\t<\/div>\n\t\t\t\t\t<\/div>\n\t\t\t\t<\/div>\n\t\t<div class=\"elementor-element elementor-element-898cefb e-flex e-con-boxed e-con e-parent\" data-id=\"898cefb\" data-element_type=\"container\">\n\t\t\t\t\t<div class=\"e-con-inner\">\n\t\t\t\t<div class=\"elementor-element elementor-element-8538772 elementor-widget-divider--view-line elementor-widget elementor-widget-divider\" data-id=\"8538772\" data-element_type=\"widget\" data-widget_type=\"divider.default\">\n\t\t\t\t\t\t\t<div class=\"elementor-divider\">\n\t\t\t<span class=\"elementor-divider-separator\">\n\t\t\t\t\t\t<\/span>\n\t\t<\/div>\n\t\t\t\t\t\t<\/div>\n\t\t\t\t<div class=\"elementor-element elementor-element-e469c6b elementor-widget elementor-widget-text-editor\" data-id=\"e469c6b\" data-element_type=\"widget\" data-widget_type=\"text-editor.default\">\n\t\t\t\t\t\t\t\t\t<p>El Rinconcito de B\u00e9jar es un apartamento acogedor y luminoso situado en una zona tranquila de B\u00e9jar, ideal para descansar y descubrir la sierra.<\/p><p>Cuenta con\u00a0<strong>sal\u00f3n amplio<\/strong>,\u00a0<strong>cocina totalmente equipada<\/strong>, <strong>2\u00a0<\/strong><strong>dormitorios confortables<\/strong>\u00a0y\u00a0<strong>ba\u00f1o moderno<\/strong>. Dispone de\u00a0<strong>wifi<\/strong>,\u00a0<strong>calefacci\u00f3n<\/strong>,\u00a0<strong>ropa de cama y toallas<\/strong>, adem\u00e1s de peque\u00f1os detalles pensados para una estancia c\u00f3moda.<\/p><p>En este apartamento encontrar\u00e1s una cocina preparada para ti desde el primer momento: aceites, especias, caf\u00e9s, t\u00e9s y todos esos peque\u00f1os detalles que hacen la vida m\u00e1s f\u00e1cil. No tendr\u00e1s que preocuparte de nada; solo llegar, abrir los armarios y sentirte como en casa.<\/p><p>Su ubicaci\u00f3n permite llegar f\u00e1cilmente al\u00a0<strong>casco hist\u00f3rico<\/strong>, al\u00a0<strong>Museo Textil<\/strong>\u00a0y al jard\u00edn renacentista de\u00a0<strong>El Bosque<\/strong>, as\u00ed como disfrutar de rutas por la\u00a0<strong>Sierra de B\u00e9jar<\/strong>\u00a0y la cercana\u00a0<strong>Candelario<\/strong>.<\/p><p>Es una opci\u00f3n perfecta tanto para parejas y familias como para viajeros que buscan naturaleza y tranquilidad.<\/p>\t\t\t\t\t\t\t\t<\/div>\n\t\t\t\t<div class=\"elementor-element elementor-element-39c6c16 elementor-widget elementor-widget-google_maps\" data-id=\"39c6c16\" data-element_type=\"widget\" data-widget_type=\"google_maps.default\">\n\t\t\t\t\t\t\t<div class=\"elementor-custom-embed\">\n\t\t\t<iframe loading=\"lazy\"\n\t\t\t\t\tsrc=\"https:\/\/maps.google.com\/maps?q=Calle%20Rda.%20de%20Viriato%2C%2037%2C%2037700%20B%C3%A9jar%2C%20Salamanca&#038;t=m&#038;z=10&#038;output=embed&#038;iwloc=near\"\n\t\t\t\t\ttitle=\"Calle Rda. de Viriato, 37, 37700 B\u00e9jar, Salamanca\"\n\t\t\t\t\taria-label=\"Calle Rda. de Viriato, 37, 37700 B\u00e9jar, Salamanca\"\n\t\t\t><\/iframe>\n\t\t<\/div>\n\t\t\t\t\t\t<\/div>\n\t\t\t\t\t<\/div>\n\t\t\t\t<\/div>\n\t\t\t\t<\/div>\n\t\t","protected":false},"excerpt":{"rendered":"<p>Tu rinconcito en B\u00e9jar (Sierra de B\u00e9jar) 1 cama 1,40*2,00 1 cama 1,20*2,00 2-3 personas 60 metros cuadrados vistas a la monta\u00f1a [&hellip;]<\/p>\n","protected":false},"author":1,"featured_media":0,"parent":0,"menu_order":0,"comment_status":"closed","ping_status":"closed","template":"page-templates\/page_front-page.php","meta":{"footnotes":""},"class_list":["post-1140","page","type-page","status-publish","hentry"],"_links":{"self":[{"href":"https:\/\/losrinconcitos.com\/index.php\/wp-json\/wp\/v2\/pages\/1140","targetHints":{"allow":["GET"]}}],"collection":[{"href":"https:\/\/losrinconcitos.com\/index.php\/wp-json\/wp\/v2\/pages"}],"about":[{"href":"https:\/\/losrinconcitos.com\/index.php\/wp-json\/wp\/v2\/types\/page"}],"author":[{"embeddable":true,"href":"https:\/\/losrinconcitos.com\/index.php\/wp-json\/wp\/v2\/users\/1"}],"replies":[{"embeddable":true,"href":"https:\/\/losrinconcitos.com\/index.php\/wp-json\/wp\/v2\/comments?post=1140"}],"version-history":[{"count":31,"href":"https:\/\/losrinconcitos.com\/index.php\/wp-json\/wp\/v2\/pages\/1140\/revisions"}],"predecessor-version":[{"id":1520,"href":"https:\/\/losrinconcitos.com\/index.php\/wp-json\/wp\/v2\/pages\/1140\/revisions\/1520"}],"wp:attachment":[{"href":"https:\/\/losrinconcitos.com\/index.php\/wp-json\/wp\/v2\/media?parent=1140"}],"curies":[{"name":"wp","href":"https:\/\/api.w.org\/{rel}","templated":true}]}}